{"id":2878,"date":"2021-01-08T14:38:17","date_gmt":"2021-01-08T14:38:17","guid":{"rendered":"http:\/\/www.dloft.com.tr\/iletisim\/"},"modified":"2023-10-11T20:55:39","modified_gmt":"2023-10-11T20:55:39","slug":"iletisim","status":"publish","type":"page","link":"https:\/\/www.dloft.com.tr\/ar\/iletisim\/","title":{"rendered":"\u0627\u062a\u0635\u0644"},"content":{"rendered":"<div class=\"wpb-content-wrapper\"><p>[vc_row full_width=&#8221;stretch_row&#8221; wrap_container=&#8221;yes&#8221; section_text_color=&#8221;light&#8221; is_section=&#8221;yes&#8221; section_skin=&#8221;dark&#8221; remove_margin_top=&#8221;yes&#8221; remove_margin_bottom=&#8221;yes&#8221; remove_border=&#8221;yes&#8221; show_divider=&#8221;yes&#8221; divider_pos=&#8221;bottom&#8221; show_divider_icon=&#8221;yes&#8221; divider_icon_skin=&#8221;primary&#8221; divider_icon_style=&#8221;style-4&#8243; divider_icon=&#8221;fa fa-chevron-down&#8221;][vc_column][vc_row_inner][vc_column_inner width=&#8221;2\/3&#8243; offset=&#8221;vc_col-sm-offset-2&#8243;]<div class=\"porto-u-heading  wpb_custom_95aa9a11c17ad45cfabaf210d84ee7cc porto-u-3906\"><div class=\"porto-u-main-heading\"><h1   style=\"margin-bottom: 25px;font-size:36px;\">\u0645\u0631\u062d\u0628\u0627<\/h1><\/div><div class=\"porto-u-sub-heading\" style=\"color: rgba(229,229,229,0.7);font-size:16.8px;\">\n<pre id=\"tw-target-text\" class=\"tw-data-text tw-text-large XcVN5d tw-ta\" dir=\"rtl\" data-placeholder=\"\u00c7eviri\"><span lang=\"ar\">\u064a\u0645\u0643\u0646\u0643 \u0625\u0631\u0633\u0627\u0644 \u0637\u0644\u0628\u0627\u062a\u0643 \u0648\u0622\u0631\u0627\u0626\u0643 \u0648\u0637\u0644\u0628\u0627\u062a\u0643 \u0648\u0631\u0633\u0627\u0626\u0644\u0643 \u0625\u0644\u064a\u0646\u0627 \u0639\u0646 \u0637\u0631\u064a\u0642 \u0645\u0644\u0621 \u0627\u0644\u0646\u0645\u0648\u0630\u062c \u0623\u062f\u0646\u0627\u0647.<\/span><\/pre>\n<p><\/div><style>.porto-u-3906.porto-u-heading{text-align:center}<\/style><\/div>[\/vc_column_inner][\/vc_row_inner][vc_row_inner][vc_column_inner width=&#8221;1\/12&#8243;][\/vc_column_inner][vc_column_inner width=&#8221;1\/3&#8243;][vc_custom_heading text=&#8221;\u0635\u0627\u0644\u0629 \u0639\u0631\u0636&#8221; font_container=&#8221;tag:h4|text_align:left&#8221; use_theme_fonts=&#8221;yes&#8221; el_class=&#8221;m-t-md font-weight-semibold&#8221;][vc_column_text]<\/p>\n<ul class=\"list list-icons m-t-lg\">\n<li><i class=\"fas fa-map-marker-alt\"><\/i> <strong>Address: <\/strong>Necip Faz\u0131l Bulvar\u0131, Keyap Cad., Keyap \u00c7ar\u015f\u0131s\u0131, J1 Blok No:44\/147-2 34775 Y. Dudullu &#8211; \u00dcmraniye \/ \u0130stanbul<\/li>\n<li><i class=\"fa fa-phone\"><\/i><strong>Phone:<\/strong> +90 534 846 72 47<\/li>\n<li><strong>Phone:<\/strong> +90 533 657 58 57<\/li>\n<li><i class=\"far fa-envelope\"><\/i> <strong>Email:<\/strong> <a href=\"mailto:info@d-loft.com.tr\">info@d-loft.com.tr<\/a><\/li>\n<\/ul>\n<p>[\/vc_column_text][\/vc_column_inner][vc_column_inner width=&#8221;1\/6&#8243;][\/vc_column_inner][vc_column_inner width=&#8221;1\/3&#8243;][vc_custom_heading text=&#8221;\u0625\u0646\u062a\u0627\u062c&#8221; font_container=&#8221;tag:h4|text_align:left&#8221; use_theme_fonts=&#8221;yes&#8221; el_class=&#8221;m-t-md font-weight-semibold&#8221;][vc_column_text]<\/p>\n<ul class=\"list list-icons m-t-lg\">\n<li><i class=\"fas fa-map-marker-alt\"><\/i> <strong>Address: <\/strong>Necip Faz\u0131l Bulvar\u0131 G\u00fcneyli Sk. 6\/A 34775 Dudullu &#8211; \u00dcmraniye \/ \u0130stanbul<\/li>\n<li><i class=\"fa fa-phone\"><\/i><strong>Phone:<\/strong> +90 216 540 75 62<\/li>\n<li><strong>Gsm-WhatsApp : +90 534 846 72 47<\/strong><\/li>\n<li><strong>Gsm-WhatsApp : +90 533 657 58 57<\/strong><\/li>\n<li><i class=\"far fa-envelope\"><\/i> <strong>Email:<\/strong> <a href=\"mailto:info@d-loft.com.tr\">info@d-loft.com.tr<\/a><\/li>\n<\/ul>\n<p>[\/vc_column_text][\/vc_column_inner][vc_column_inner width=&#8221;1\/12&#8243;][\/vc_column_inner][\/vc_row_inner][\/vc_column][\/vc_row][vc_row no_padding=&#8221;yes&#8221;][vc_column][vc_column_text]<\/p>\n<p style=\"text-align: center;\"><iframe loading=\"lazy\" style=\"border: 0;\" tabindex=\"0\" src=\"https:\/\/www.google.com\/maps\/embed?pb=!1m14!1m8!1m3!1d12045.160293102073!2d29.1555775!3d40.9970238!3m2!1i1024!2i768!4f13.1!3m3!1m2!1s0x0%3A0xef78b70701b9096d!2sD-loft%20Mobilya%20%7C%20%C3%9Cretim%20%7C%20Proje!5e0!3m2!1str!2str!4v1610147385878!5m2!1str!2str\" width=\"1000\" height=\"600\" frameborder=\"0\" allowfullscreen=\"allowfullscreen\" aria-hidden=\"false\"><\/iframe><\/p>\n<p>[\/vc_column_text][\/vc_column][\/vc_row]<\/p>\n<\/div>","protected":false},"excerpt":{"rendered":"<p>[vc_row full_width=&#8221;stretch_row&#8221; wrap_container=&#8221;yes&#8221; section_text_color=&#8221;light&#8221; is_section=&#8221;yes&#8221; section_skin=&#8221;dark&#8221; remove_margin_top=&#8221;yes&#8221; remove_margin_bottom=&#8221;yes&#8221; remove_border=&#8221;yes&#8221; show_divider=&#8221;yes&#8221; divider_pos=&#8221;bottom&#8221; show_divider_icon=&#8221;yes&#8221; divider_icon_skin=&#8221;primary&#8221; divider_icon_style=&#8221;style-4&#8243; divider_icon=&#8221;fa fa-chevron-down&#8221;][vc_column][vc_row_inner][vc_column_inner width=&#8221;2\/3&#8243; offset=&#8221;vc_col-sm-offset-2&#8243;][\/vc_column_inner][\/vc_row_inner][vc_row_inner][vc_column_inner width=&#8221;1\/12&#8243;][\/vc_column_inner][vc_column_inner width=&#8221;1\/3&#8243;][vc_custom_heading text=&#8221;\u0635\u0627\u0644\u0629 \u0639\u0631\u0636&#8221; font_container=&#8221;tag:h4|text_align:left&#8221; use_theme_fonts=&#8221;yes&#8221; el_class=&#8221;m-t-md font-weight-semibold&#8221;][vc_column_text] Address: Necip Faz\u0131l Bulvar\u0131, Keyap Cad., Keyap \u00c7ar\u015f\u0131s\u0131, J1 Blok No:44\/147-2 34775 Y. Dudullu &#8211; \u00dcmraniye \/ \u0130stanbul Phone: +90 534 846 72 47 Phone: +90 533 657 58 [&hellip;]<\/p>\n","protected":false},"author":4,"featured_media":0,"parent":0,"menu_order":0,"comment_status":"closed","ping_status":"closed","template":"","meta":{"_joinchat":[],"footnotes":""},"class_list":["post-2878","page","type-page","status-publish","hentry"],"yoast_head":"<!-- This site is optimized with the Yoast SEO plugin v22.3 - https:\/\/yoast.com\/wordpress\/plugins\/seo\/ -->\n<title>\u0627\u062a\u0635\u0644 - d|loft<\/title>\n<meta name=\"description\" content=\"d|loft \u0627\u062a\u0635\u0644\" \/>\n<meta name=\"robots\" content=\"index, follow, max-snippet:-1, max-image-preview:large, max-video-preview:-1\" \/>\n<link rel=\"canonical\" href=\"https:\/\/www.dloft.com.tr\/ar\/iletisim\/\" \/>\n<meta property=\"og:locale\" content=\"ar_AR\" \/>\n<meta property=\"og:type\" content=\"article\" \/>\n<meta property=\"og:title\" content=\"\u0627\u062a\u0635\u0644 - d|loft\" \/>\n<meta property=\"og:description\" content=\"d|loft \u0627\u062a\u0635\u0644\" \/>\n<meta property=\"og:url\" content=\"https:\/\/www.dloft.com.tr\/ar\/iletisim\/\" \/>\n<meta property=\"og:site_name\" content=\"d|loft\" \/>\n<meta property=\"article:publisher\" content=\"https:\/\/www.facebook.com\/dloftproject\" \/>\n<meta property=\"article:modified_time\" content=\"2023-10-11T20:55:39+00:00\" \/>\n<meta property=\"og:image\" content=\"https:\/\/www.dloft.com.tr\/wp-content\/uploads\/2021\/03\/loft-logo.png\" \/>\n\t<meta property=\"og:image:width\" content=\"408\" \/>\n\t<meta property=\"og:image:height\" content=\"215\" \/>\n\t<meta property=\"og:image:type\" content=\"image\/png\" \/>\n<meta name=\"twitter:card\" content=\"summary_large_image\" \/>\n<meta name=\"twitter:label1\" content=\"\u0648\u0642\u062a \u0627\u0644\u0642\u0631\u0627\u0621\u0629 \u0627\u0644\u0645\u064f\u0642\u062f\u0651\u0631\" \/>\n\t<meta name=\"twitter:data1\" content=\"\u062f\u0642\u064a\u0642\u0629 \u0648\u0627\u062d\u062f\u0629\" \/>\n<script type=\"application\/ld+json\" class=\"yoast-schema-graph\">{\"@context\":\"https:\/\/schema.org\",\"@graph\":[{\"@type\":\"WebPage\",\"@id\":\"https:\/\/www.dloft.com.tr\/ar\/iletisim\/\",\"url\":\"https:\/\/www.dloft.com.tr\/ar\/iletisim\/\",\"name\":\"\u0627\u062a\u0635\u0644 - d|loft\",\"isPartOf\":{\"@id\":\"https:\/\/www.dloft.com.tr\/en\/#website\"},\"datePublished\":\"2021-01-08T14:38:17+00:00\",\"dateModified\":\"2023-10-11T20:55:39+00:00\",\"description\":\"d|loft \u0627\u062a\u0635\u0644\",\"breadcrumb\":{\"@id\":\"https:\/\/www.dloft.com.tr\/ar\/iletisim\/#breadcrumb\"},\"inLanguage\":\"ar\",\"potentialAction\":[{\"@type\":\"ReadAction\",\"target\":[\"https:\/\/www.dloft.com.tr\/ar\/iletisim\/\"]}]},{\"@type\":\"BreadcrumbList\",\"@id\":\"https:\/\/www.dloft.com.tr\/ar\/iletisim\/#breadcrumb\",\"itemListElement\":[{\"@type\":\"ListItem\",\"position\":1,\"name\":\"Anasayfa\",\"item\":\"https:\/\/www.dloft.com.tr\/ar\/\"},{\"@type\":\"ListItem\",\"position\":2,\"name\":\"\u0627\u062a\u0635\u0644\"}]},{\"@type\":\"WebSite\",\"@id\":\"https:\/\/www.dloft.com.tr\/en\/#website\",\"url\":\"https:\/\/www.dloft.com.tr\/en\/\",\"name\":\"d|loft\",\"description\":\"designs professionally\",\"publisher\":{\"@id\":\"https:\/\/www.dloft.com.tr\/en\/#organization\"},\"potentialAction\":[{\"@type\":\"SearchAction\",\"target\":{\"@type\":\"EntryPoint\",\"urlTemplate\":\"https:\/\/www.dloft.com.tr\/en\/?s={search_term_string}\"},\"query-input\":\"required name=search_term_string\"}],\"inLanguage\":\"ar\"},{\"@type\":\"Organization\",\"@id\":\"https:\/\/www.dloft.com.tr\/en\/#organization\",\"name\":\"d|loft - designs professionally\",\"url\":\"https:\/\/www.dloft.com.tr\/en\/\",\"logo\":{\"@type\":\"ImageObject\",\"inLanguage\":\"ar\",\"@id\":\"https:\/\/www.dloft.com.tr\/en\/#\/schema\/logo\/image\/\",\"url\":\"https:\/\/www.dloft.com.tr\/wp-content\/uploads\/2022\/01\/dloft-weblogo-01.png\",\"contentUrl\":\"https:\/\/www.dloft.com.tr\/wp-content\/uploads\/2022\/01\/dloft-weblogo-01.png\",\"width\":12500,\"height\":6250,\"caption\":\"d|loft - designs professionally\"},\"image\":{\"@id\":\"https:\/\/www.dloft.com.tr\/en\/#\/schema\/logo\/image\/\"},\"sameAs\":[\"https:\/\/www.facebook.com\/dloftproject\",\"https:\/\/www.instagram.com\/dloftproject\/\"]}]}<\/script>\n<!-- \/ Yoast SEO plugin. -->","yoast_head_json":{"title":"\u0627\u062a\u0635\u0644 - d|loft","description":"d|loft \u0627\u062a\u0635\u0644","robots":{"index":"index","follow":"follow","max-snippet":"max-snippet:-1","max-image-preview":"max-image-preview:large","max-video-preview":"max-video-preview:-1"},"canonical":"https:\/\/www.dloft.com.tr\/ar\/iletisim\/","og_locale":"ar_AR","og_type":"article","og_title":"\u0627\u062a\u0635\u0644 - d|loft","og_description":"d|loft \u0627\u062a\u0635\u0644","og_url":"https:\/\/www.dloft.com.tr\/ar\/iletisim\/","og_site_name":"d|loft","article_publisher":"https:\/\/www.facebook.com\/dloftproject","article_modified_time":"2023-10-11T20:55:39+00:00","og_image":[{"width":408,"height":215,"url":"https:\/\/www.dloft.com.tr\/wp-content\/uploads\/2021\/03\/loft-logo.png","type":"image\/png"}],"twitter_card":"summary_large_image","twitter_misc":{"\u0648\u0642\u062a \u0627\u0644\u0642\u0631\u0627\u0621\u0629 \u0627\u0644\u0645\u064f\u0642\u062f\u0651\u0631":"\u062f\u0642\u064a\u0642\u0629 \u0648\u0627\u062d\u062f\u0629"},"schema":{"@context":"https:\/\/schema.org","@graph":[{"@type":"WebPage","@id":"https:\/\/www.dloft.com.tr\/ar\/iletisim\/","url":"https:\/\/www.dloft.com.tr\/ar\/iletisim\/","name":"\u0627\u062a\u0635\u0644 - d|loft","isPartOf":{"@id":"https:\/\/www.dloft.com.tr\/en\/#website"},"datePublished":"2021-01-08T14:38:17+00:00","dateModified":"2023-10-11T20:55:39+00:00","description":"d|loft \u0627\u062a\u0635\u0644","breadcrumb":{"@id":"https:\/\/www.dloft.com.tr\/ar\/iletisim\/#breadcrumb"},"inLanguage":"ar","potentialAction":[{"@type":"ReadAction","target":["https:\/\/www.dloft.com.tr\/ar\/iletisim\/"]}]},{"@type":"BreadcrumbList","@id":"https:\/\/www.dloft.com.tr\/ar\/iletisim\/#breadcrumb","itemListElement":[{"@type":"ListItem","position":1,"name":"Anasayfa","item":"https:\/\/www.dloft.com.tr\/ar\/"},{"@type":"ListItem","position":2,"name":"\u0627\u062a\u0635\u0644"}]},{"@type":"WebSite","@id":"https:\/\/www.dloft.com.tr\/en\/#website","url":"https:\/\/www.dloft.com.tr\/en\/","name":"d|loft","description":"designs professionally","publisher":{"@id":"https:\/\/www.dloft.com.tr\/en\/#organization"},"potentialAction":[{"@type":"SearchAction","target":{"@type":"EntryPoint","urlTemplate":"https:\/\/www.dloft.com.tr\/en\/?s={search_term_string}"},"query-input":"required name=search_term_string"}],"inLanguage":"ar"},{"@type":"Organization","@id":"https:\/\/www.dloft.com.tr\/en\/#organization","name":"d|loft - designs professionally","url":"https:\/\/www.dloft.com.tr\/en\/","logo":{"@type":"ImageObject","inLanguage":"ar","@id":"https:\/\/www.dloft.com.tr\/en\/#\/schema\/logo\/image\/","url":"https:\/\/www.dloft.com.tr\/wp-content\/uploads\/2022\/01\/dloft-weblogo-01.png","contentUrl":"https:\/\/www.dloft.com.tr\/wp-content\/uploads\/2022\/01\/dloft-weblogo-01.png","width":12500,"height":6250,"caption":"d|loft - designs professionally"},"image":{"@id":"https:\/\/www.dloft.com.tr\/en\/#\/schema\/logo\/image\/"},"sameAs":["https:\/\/www.facebook.com\/dloftproject","https:\/\/www.instagram.com\/dloftproject\/"]}]}},"_links":{"self":[{"href":"https:\/\/www.dloft.com.tr\/ar\/wp-json\/wp\/v2\/pages\/2878","targetHints":{"allow":["GET"]}}],"collection":[{"href":"https:\/\/www.dloft.com.tr\/ar\/wp-json\/wp\/v2\/pages"}],"about":[{"href":"https:\/\/www.dloft.com.tr\/ar\/wp-json\/wp\/v2\/types\/page"}],"author":[{"embeddable":true,"href":"https:\/\/www.dloft.com.tr\/ar\/wp-json\/wp\/v2\/users\/4"}],"replies":[{"embeddable":true,"href":"https:\/\/www.dloft.com.tr\/ar\/wp-json\/wp\/v2\/comments?post=2878"}],"version-history":[{"count":2,"href":"https:\/\/www.dloft.com.tr\/ar\/wp-json\/wp\/v2\/pages\/2878\/revisions"}],"predecessor-version":[{"id":8204,"href":"https:\/\/www.dloft.com.tr\/ar\/wp-json\/wp\/v2\/pages\/2878\/revisions\/8204"}],"wp:attachment":[{"href":"https:\/\/www.dloft.com.tr\/ar\/wp-json\/wp\/v2\/media?parent=2878"}],"curies":[{"name":"wp","href":"https:\/\/api.w.org\/{rel}","templated":true}]}}