{"id":2910,"date":"2021-01-08T14:28:56","date_gmt":"2021-01-08T14:28:56","guid":{"rendered":"http:\/\/www.dloft.com.tr\/kurumsal\/"},"modified":"2021-02-18T22:18:54","modified_gmt":"2021-02-18T22:18:54","slug":"kurumsal","status":"publish","type":"page","link":"https:\/\/www.dloft.com.tr\/ar\/kurumsal\/","title":{"rendered":"\u0627\u0644\u0634\u0631\u0643\u0627\u062a"},"content":{"rendered":"<div class=\"wpb-content-wrapper\"><p>[vc_row content_placement=&#8221;middle&#8221; wrap_container=&#8221;yes&#8221; css=&#8221;.vc_custom_1544691781557{padding-top: 80px !important;padding-bottom: 50px !important;}&#8221;][vc_column offset=&#8221;vc_col-md-7&#8243; el_class=&#8221;pr-lg-5 mb-sm-5 mb-lg-0&#8243; animation_type=&#8221;fadeInLeft&#8221;][vc_custom_heading text=&#8221;\u0645\u0646 \u0646\u062d\u0646&#8221; font_container=&#8221;tag:h2|font_size:25|text_align:left|line_height:1&#8243; use_theme_fonts=&#8221;yes&#8221; el_class=&#8221;mb-4&#8243;][vc_column_text]<\/p>\n<p>\u062a\u062d\u0645\u0644 D-Loft \u060c \u0627\u0644\u062a\u064a \u064a\u0639\u062a\u0645\u062f \u0645\u0627\u0636\u064a\u0647\u0627 \u0639\u0644\u0649 \u062d\u0631\u0641\u0629 \u0635\u0646\u0627\u0639\u0629 \u0627\u0644\u0623\u062b\u0627\u062b \u0645\u0646 \u0623\u062c\u062f\u0627\u062f\u0647\u0627 \u0642\u0628\u0644 \u062b\u0644\u0627\u062b\u0629 \u0623\u062c\u064a\u0627\u0644 \u060c \u062a\u0641\u0627\u0646\u064a \u0648\u062b\u0642\u0629 \u0627\u0644\u062a\u0631\u0627\u062b \u0627\u0644\u0641\u0646\u064a \u0641\u064a \u062f\u064a\u0646\u0627\u0645\u064a\u0643\u064a\u0627\u062a \u0627\u0644\u064a\u0648\u0645 \u0645\u0646 \u0642\u0628\u0644 \u0645\u0624\u0633\u0633\u064a\u0647\u0627. \u062a\u0642\u062f\u0645 D-Loft \u060c \u0627\u0644\u062a\u064a \u062a\u062c\u0645\u0639 \u0628\u064a\u0646 \u0627\u0644\u062d\u0631\u0641 \u0627\u0644\u064a\u062f\u0648\u064a\u0629 \u0648\u062a\u0643\u0646\u0648\u0644\u0648\u062c\u064a\u0627 \u0627\u0644\u064a\u0648\u0645 \u060c \u0627\u0644\u062a\u0635\u0645\u064a\u0645 \u0648\u0627\u0644\u0648\u0638\u0627\u0626\u0641 \u0645\u0639\u064b\u0627 \u060c \u0648\u062a\u0648\u0641\u0631 \u0634\u0631\u0627\u0643\u0629 \u062d\u0644 \u0645\u0639 R &amp; D \u0644\u0645\u0634\u0627\u0631\u064a\u0639 \u0645\u062e\u062a\u0644\u0641\u0629.<\/p>\n<p>D-Loft \u060c \u0627\u0644\u062a\u064a \u062a\u0634\u0645\u0644 \u0627\u0644\u062e\u0634\u0628 \u0648\u0627\u0644\u062f\u064a\u0643\u0648\u0631 \u0627\u0644\u062b\u0627\u0628\u062a \u0648\u0627\u0644\u0647\u064a\u0643\u0644 \u0627\u0644\u0639\u0638\u0645\u064a \u0648\u0627\u0644\u0623\u0631\u0636\u064a\u0627\u062a \u0648\u0625\u0646\u062a\u0627\u062c \u0627\u0644\u0645\u0639\u0627\u062f\u0646 \u0628\u062a\u0642\u0646\u064a\u0629 \u062d\u062f\u064a\u062b\u0629 \u060c \u062a\u062c\u0645\u0639 \u0627\u0644\u0645\u0634\u0627\u0631\u064a\u0639 \u0645\u0639 \u0639\u0645\u0644\u0627\u0621 \u0627\u0644\u0641\u0646\u0627\u062f\u0642 \u0648\u0627\u0644\u0645\u0637\u0627\u0639\u0645 \u0648\u0627\u0644\u0645\u0646\u0627\u0632\u0644 \u0645\u0639 \u0641\u0631\u064a\u0642 \u0627\u0644\u0639\u0645\u0644 \u0627\u0644\u0645\u0624\u0647\u0644 \u0648\u0627\u0644\u0645\u0648\u0638\u0641\u064a\u0646 \u0627\u0644\u062e\u0628\u0631\u0627\u0621. \u0627\u0644\u0633\u0628\u0628 \u0648\u0631\u0627\u0621 \u0646\u062c\u0627\u062d D-Loft \u0647\u0648 \u0623\u0646\u0647 \u064a\u0642\u062f\u0645 \u0644\u0643 \u0645\u0632\u064a\u062c\u064b\u0627 \u0645\u0646 \u0627\u0644\u0631\u0624\u064a\u0629 \u0627\u0644\u0625\u0633\u062a\u0631\u0627\u062a\u064a\u062c\u064a\u0629 \u0648\u0627\u0644\u0645\u0646\u062a\u062c\u0627\u062a \u0627\u0644\u062a\u0643\u0646\u0648\u0644\u0648\u062c\u064a\u0629 \u0648\u0627\u0644\u062c\u0645\u0627\u0644\u064a\u0629 \u0648\u0627\u0644\u0648\u0638\u064a\u0641\u064a\u0629 \u0627\u0644\u0625\u0628\u062f\u0627\u0639\u064a\u0629 \u060c \u0644\u064a\u0633 \u0641\u0642\u0637 \u0643\u0645\u0646\u062a\u062c\u0627\u062a \u0648\u0644\u0643\u0646 \u0623\u064a\u0636\u064b\u0627 \u0643\u062a\u0635\u0645\u064a\u0645\u0627\u062a \u062a\u0631\u0643\u0632 \u0639\u0644\u0649 \u0627\u0644\u0645\u0633\u0627\u062d\u0629.<br \/>\n\u0641\u064a \u0645\u062c\u0645\u0648\u0639\u0629 \u0639\u0645\u0644\u0627\u0626\u0647\u0627 \u0641\u064a \u0645\u062e\u062a\u0644\u0641 \u062f\u0648\u0644 \u0627\u0644\u0639\u0627\u0644\u0645 \u060c \u062a\u0648\u0627\u0635\u0644 \u0625\u0646\u062a\u0627\u062c \u062d\u0644\u0648\u0644 360 \u062f\u0631\u062c\u0629 \u0645\u0639 \u0645\u0628\u0627\u062f\u0626 \u062a\u0633\u062a\u0646\u062f \u0625\u0644\u0649 \u0627\u0644\u062c\u0648\u062f\u0629 \u0648\u0627\u0644\u0631\u0636\u0627.<br \/>\n[\/vc_column_text][\/vc_column][vc_column offset=&#8221;vc_col-md-5&#8243;][vc_row_inner el_class=&#8221;mt-5 mt-lg-0 text-center align-items-center&#8221;][vc_column_inner el_class=&#8221;text-lg-right&#8221; width=&#8221;2\/3&#8243; offset=&#8221;vc_col-md-6&#8243;][vc_single_image image=&#8221;1151&#8243; img_size=&#8221;full&#8221; alignment=&#8221;center&#8221; animation_delay=&#8221;200&#8243; css_animation=&#8221;none&#8221; el_class=&#8221;inline-block&#8221; animation_type=&#8221;zoomIn&#8221;][\/vc_column_inner][vc_column_inner width=&#8221;2\/3&#8243; offset=&#8221;vc_col-md-6&#8243;][vc_single_image image=&#8221;1152&#8243; img_size=&#8221;full&#8221; alignment=&#8221;center&#8221; animation_delay=&#8221;200&#8243; el_class=&#8221;inline-block mx-3&#8243; animation_type=&#8221;zoomIn&#8221;][vc_single_image image=&#8221;1150&#8243; img_size=&#8221;full&#8221; alignment=&#8221;center&#8221; animation_delay=&#8221;400&#8243; el_class=&#8221;inline-block mx-3&#8243; animation_type=&#8221;zoomIn&#8221;][\/vc_column_inner][\/vc_row_inner][\/vc_column][\/vc_row][vc_row full_width=&#8221;stretch_row&#8221; no_padding=&#8221;yes&#8221;][vc_column]<div id=\"interactive-banner-wrap-bhxp\" class=\"porto-ibanner mb-0\" style=\"background:#111111;min-height:200px;\"><div class=\"porto-ibanner-desc no-padding d-flex\"><div class=\"porto-ibanner-layer wpb_custom_2c5109c031829f9c54153ed0e6239ff6 banner-pos-f6356757d4f73384a3f5bc65723ae83a\" style=\"width:80%;\">[vc_custom_heading text=&#8221;\u00dcretim G\u00f6rselleri i\u00e7in&#8221; font_container=&#8221;tag:h2|font_size:2.5em|text_align:center|line_height:1&#8243; use_theme_fonts=&#8221;yes&#8221; text_transform=&#8221;text-uppercase&#8221; skin=&#8221;light&#8221; letter_spacing=&#8221;-.025em&#8221; el_class=&#8221;mb-4 pb-lg-3&#8243;][vc_btn title=&#8221;\u0648\u0631\u0634 \u0627\u0644\u0625\u0646\u062a\u0627\u062c&#8221; style=&#8221;modern&#8221; align=&#8221;center&#8221; skin=&#8221;light&#8221; el_class=&#8221;mb-0 ls-200&#8243; link=&#8221;url:https%3A%2F%2Fwww.dloft.com.tr%2Far%2Furetim%2F&#8221;]<style>.banner-pos-f6356757d4f73384a3f5bc65723ae83a {left: 50%;right: unset;top: 50%;bottom: unset;transform: translate(-50%, -50%);}<\/style><\/div><\/div><\/div>[\/vc_column][\/vc_row][vc_row full_width=&#8221;stretch_row&#8221; wrap_container=&#8221;yes&#8221; is_section=&#8221;yes&#8221; remove_margin_top=&#8221;yes&#8221; remove_border=&#8221;yes&#8221; el_class=&#8221;background-color-primary&#8221;][vc_column el_class=&#8221;mb-3 mb-xl-0&#8243;][vc_row_inner el_class=&#8221;align-items-center justify-content-between&#8221;][vc_column_inner el_class=&#8221;mb-3 mb-xl-0&#8243; offset=&#8221;vc_col-lg-3&#8243;][vc_custom_heading text=&#8221;\u0643\u064a\u0641 \u064a\u0645\u0643\u0646\u0646\u0627 \u0645\u0633\u0627\u0639\u062f\u062a\u0643.&#8221; font_container=&#8221;tag:h2|font_size:28|text_align:left|color:%23ffffff|line_height:33px&#8221; use_theme_fonts=&#8221;yes&#8221; el_class=&#8221;mb-0&#8243;][\/vc_column_inner][vc_column_inner el_class=&#8221;col-lg-auto mb-3 mb-lg-0&#8243;]<div class=\"porto-sicon-box contact-info  wpb_custom_580b74eb1985430d8a6f16811719ce02 style_1 left-icon\"><div class=\"porto-sicon-left\"><div class=\"porto-just-icon-wrapper porto-icon none\" style=\"color:#ffffff;font-size:40px;\"><i class=\"fab fa-whatsapp\"><\/i><\/div><\/div><div class=\"porto-sicon-body\"><div class=\"porto-sicon-header\"><h3 class=\"porto-sicon-title\" style=\"font-weight:400;font-size:14px;line-height:16.8px;\">\u0627\u0644\u064a\u0633\u064a\u0645<\/h3><\/div> <!-- header --><div class=\"porto-sicon-description\" style=\"font-size:25px;line-height:25px;\">+90 530 959 93 02<\/div> <!-- description --><\/div><\/div><!-- porto-sicon-box -->[\/vc_column_inner][vc_column_inner el_class=&#8221;col-lg-auto mb-4 mb-lg-0&#8243;]<div class=\"porto-sicon-box contact-info  wpb_custom_580b74eb1985430d8a6f16811719ce02 style_1 left-icon\"><div class=\"porto-sicon-left\"><div class=\"porto-just-icon-wrapper porto-icon none\" style=\"color:#ffffff;font-size:40px;\"><i class=\"fab fa-whatsapp\"><\/i><\/div><\/div><div class=\"porto-sicon-body\"><div class=\"porto-sicon-header\"><h3 class=\"porto-sicon-title\" style=\"font-weight:400;font-size:14px;line-height:16.8px;\">E-MAIL<\/h3><\/div> <!-- header --><div class=\"porto-sicon-description\" style=\"font-size:25px;line-height:25px;\"><a href=\"mailto:info@d-loft.com.tr\">info@d-loft.com.tr<\/a><\/div> <!-- description --><\/div><\/div><!-- porto-sicon-box -->[\/vc_column_inner][vc_column_inner el_class=&#8221;col-lg-auto&#8221;][vc_btn title=&#8221;\u0645\u0648\u0642\u0639\u0643&#8221; shape=&#8221;round&#8221; skin=&#8221;light&#8221; link=&#8221;url:%23|&#8221; el_class=&#8221;btn-style-1 mb-0 text-color-primary&#8221;][\/vc_column_inner][\/vc_row_inner][\/vc_column][\/vc_row]<\/p>\n<\/div>","protected":false},"excerpt":{"rendered":"<p>[vc_row content_placement=&#8221;middle&#8221; wrap_container=&#8221;yes&#8221; css=&#8221;.vc_custom_1544691781557{padding-top: 80px !important;padding-bottom: 50px !important;}&#8221;][vc_column offset=&#8221;vc_col-md-7&#8243; el_class=&#8221;pr-lg-5 mb-sm-5 mb-lg-0&#8243; animation_type=&#8221;fadeInLeft&#8221;][vc_custom_heading text=&#8221;\u0645\u0646 \u0646\u062d\u0646&#8221; font_container=&#8221;tag:h2|font_size:25|text_align:left|line_height:1&#8243; use_theme_fonts=&#8221;yes&#8221; el_class=&#8221;mb-4&#8243;][vc_column_text] \u062a\u062d\u0645\u0644 D-Loft \u060c \u0627\u0644\u062a\u064a \u064a\u0639\u062a\u0645\u062f \u0645\u0627\u0636\u064a\u0647\u0627 \u0639\u0644\u0649 \u062d\u0631\u0641\u0629 \u0635\u0646\u0627\u0639\u0629 \u0627\u0644\u0623\u062b\u0627\u062b \u0645\u0646 \u0623\u062c\u062f\u0627\u062f\u0647\u0627 \u0642\u0628\u0644 \u062b\u0644\u0627\u062b\u0629 \u0623\u062c\u064a\u0627\u0644 \u060c \u062a\u0641\u0627\u0646\u064a \u0648\u062b\u0642\u0629 \u0627\u0644\u062a\u0631\u0627\u062b \u0627\u0644\u0641\u0646\u064a \u0641\u064a \u062f\u064a\u0646\u0627\u0645\u064a\u0643\u064a\u0627\u062a \u0627\u0644\u064a\u0648\u0645 \u0645\u0646 \u0642\u0628\u0644 \u0645\u0624\u0633\u0633\u064a\u0647\u0627. \u062a\u0642\u062f\u0645 D-Loft \u060c \u0627\u0644\u062a\u064a \u062a\u062c\u0645\u0639 \u0628\u064a\u0646 \u0627\u0644\u062d\u0631\u0641 \u0627\u0644\u064a\u062f\u0648\u064a\u0629 \u0648\u062a\u0643\u0646\u0648\u0644\u0648\u062c\u064a\u0627 \u0627\u0644\u064a\u0648\u0645 \u060c [&hellip;]<\/p>\n","protected":false},"author":4,"featured_media":0,"parent":0,"menu_order":0,"comment_status":"closed","ping_status":"closed","template":"","meta":{"_joinchat":[],"footnotes":""},"class_list":["post-2910","page","type-page","status-publish","hentry"],"yoast_head":"<!-- This site is optimized with the Yoast SEO plugin v22.3 - https:\/\/yoast.com\/wordpress\/plugins\/seo\/ -->\n<title>\u0627\u0644\u0634\u0631\u0643\u0627\u062a - d|loft<\/title>\n<meta name=\"description\" content=\"d|loft \u0627\u0644\u0634\u0631\u0643\u0627\u062a\" \/>\n<meta name=\"robots\" content=\"index, follow, max-snippet:-1, max-image-preview:large, max-video-preview:-1\" \/>\n<link rel=\"canonical\" href=\"https:\/\/www.dloft.com.tr\/ar\/kurumsal\/\" \/>\n<meta property=\"og:locale\" content=\"ar_AR\" \/>\n<meta property=\"og:type\" content=\"article\" \/>\n<meta property=\"og:title\" content=\"\u0627\u0644\u0634\u0631\u0643\u0627\u062a - d|loft\" \/>\n<meta property=\"og:description\" content=\"d|loft \u0627\u0644\u0634\u0631\u0643\u0627\u062a\" \/>\n<meta property=\"og:url\" content=\"https:\/\/www.dloft.com.tr\/ar\/kurumsal\/\" \/>\n<meta property=\"og:site_name\" content=\"d|loft\" \/>\n<meta property=\"article:publisher\" content=\"https:\/\/www.facebook.com\/dloftproject\" \/>\n<meta property=\"article:modified_time\" content=\"2021-02-18T22:18:54+00:00\" \/>\n<meta property=\"og:image\" content=\"https:\/\/www.dloft.com.tr\/wp-content\/uploads\/2021\/03\/loft-logo.png\" \/>\n\t<meta property=\"og:image:width\" content=\"408\" \/>\n\t<meta property=\"og:image:height\" content=\"215\" \/>\n\t<meta property=\"og:image:type\" content=\"image\/png\" \/>\n<meta name=\"twitter:card\" content=\"summary_large_image\" \/>\n<meta name=\"twitter:label1\" content=\"\u0648\u0642\u062a \u0627\u0644\u0642\u0631\u0627\u0621\u0629 \u0627\u0644\u0645\u064f\u0642\u062f\u0651\u0631\" \/>\n\t<meta name=\"twitter:data1\" content=\"\u062f\u0642\u064a\u0642\u062a\u0627\u0646\" \/>\n<script type=\"application\/ld+json\" class=\"yoast-schema-graph\">{\"@context\":\"https:\/\/schema.org\",\"@graph\":[{\"@type\":\"WebPage\",\"@id\":\"https:\/\/www.dloft.com.tr\/ar\/kurumsal\/\",\"url\":\"https:\/\/www.dloft.com.tr\/ar\/kurumsal\/\",\"name\":\"\u0627\u0644\u0634\u0631\u0643\u0627\u062a - d|loft\",\"isPartOf\":{\"@id\":\"https:\/\/www.dloft.com.tr\/en\/#website\"},\"datePublished\":\"2021-01-08T14:28:56+00:00\",\"dateModified\":\"2021-02-18T22:18:54+00:00\",\"description\":\"d|loft \u0627\u0644\u0634\u0631\u0643\u0627\u062a\",\"breadcrumb\":{\"@id\":\"https:\/\/www.dloft.com.tr\/ar\/kurumsal\/#breadcrumb\"},\"inLanguage\":\"ar\",\"potentialAction\":[{\"@type\":\"ReadAction\",\"target\":[\"https:\/\/www.dloft.com.tr\/ar\/kurumsal\/\"]}]},{\"@type\":\"BreadcrumbList\",\"@id\":\"https:\/\/www.dloft.com.tr\/ar\/kurumsal\/#breadcrumb\",\"itemListElement\":[{\"@type\":\"ListItem\",\"position\":1,\"name\":\"Anasayfa\",\"item\":\"https:\/\/www.dloft.com.tr\/ar\/\"},{\"@type\":\"ListItem\",\"position\":2,\"name\":\"\u0627\u0644\u0634\u0631\u0643\u0627\u062a\"}]},{\"@type\":\"WebSite\",\"@id\":\"https:\/\/www.dloft.com.tr\/en\/#website\",\"url\":\"https:\/\/www.dloft.com.tr\/en\/\",\"name\":\"d|loft\",\"description\":\"designs professionally\",\"publisher\":{\"@id\":\"https:\/\/www.dloft.com.tr\/en\/#organization\"},\"potentialAction\":[{\"@type\":\"SearchAction\",\"target\":{\"@type\":\"EntryPoint\",\"urlTemplate\":\"https:\/\/www.dloft.com.tr\/en\/?s={search_term_string}\"},\"query-input\":\"required name=search_term_string\"}],\"inLanguage\":\"ar\"},{\"@type\":\"Organization\",\"@id\":\"https:\/\/www.dloft.com.tr\/en\/#organization\",\"name\":\"d|loft - designs professionally\",\"url\":\"https:\/\/www.dloft.com.tr\/en\/\",\"logo\":{\"@type\":\"ImageObject\",\"inLanguage\":\"ar\",\"@id\":\"https:\/\/www.dloft.com.tr\/en\/#\/schema\/logo\/image\/\",\"url\":\"https:\/\/www.dloft.com.tr\/wp-content\/uploads\/2022\/01\/dloft-weblogo-01.png\",\"contentUrl\":\"https:\/\/www.dloft.com.tr\/wp-content\/uploads\/2022\/01\/dloft-weblogo-01.png\",\"width\":12500,\"height\":6250,\"caption\":\"d|loft - designs professionally\"},\"image\":{\"@id\":\"https:\/\/www.dloft.com.tr\/en\/#\/schema\/logo\/image\/\"},\"sameAs\":[\"https:\/\/www.facebook.com\/dloftproject\",\"https:\/\/www.instagram.com\/dloftproject\/\"]}]}<\/script>\n<!-- \/ Yoast SEO plugin. -->","yoast_head_json":{"title":"\u0627\u0644\u0634\u0631\u0643\u0627\u062a - d|loft","description":"d|loft \u0627\u0644\u0634\u0631\u0643\u0627\u062a","robots":{"index":"index","follow":"follow","max-snippet":"max-snippet:-1","max-image-preview":"max-image-preview:large","max-video-preview":"max-video-preview:-1"},"canonical":"https:\/\/www.dloft.com.tr\/ar\/kurumsal\/","og_locale":"ar_AR","og_type":"article","og_title":"\u0627\u0644\u0634\u0631\u0643\u0627\u062a - d|loft","og_description":"d|loft \u0627\u0644\u0634\u0631\u0643\u0627\u062a","og_url":"https:\/\/www.dloft.com.tr\/ar\/kurumsal\/","og_site_name":"d|loft","article_publisher":"https:\/\/www.facebook.com\/dloftproject","article_modified_time":"2021-02-18T22:18:54+00:00","og_image":[{"width":408,"height":215,"url":"https:\/\/www.dloft.com.tr\/wp-content\/uploads\/2021\/03\/loft-logo.png","type":"image\/png"}],"twitter_card":"summary_large_image","twitter_misc":{"\u0648\u0642\u062a \u0627\u0644\u0642\u0631\u0627\u0621\u0629 \u0627\u0644\u0645\u064f\u0642\u062f\u0651\u0631":"\u062f\u0642\u064a\u0642\u062a\u0627\u0646"},"schema":{"@context":"https:\/\/schema.org","@graph":[{"@type":"WebPage","@id":"https:\/\/www.dloft.com.tr\/ar\/kurumsal\/","url":"https:\/\/www.dloft.com.tr\/ar\/kurumsal\/","name":"\u0627\u0644\u0634\u0631\u0643\u0627\u062a - d|loft","isPartOf":{"@id":"https:\/\/www.dloft.com.tr\/en\/#website"},"datePublished":"2021-01-08T14:28:56+00:00","dateModified":"2021-02-18T22:18:54+00:00","description":"d|loft \u0627\u0644\u0634\u0631\u0643\u0627\u062a","breadcrumb":{"@id":"https:\/\/www.dloft.com.tr\/ar\/kurumsal\/#breadcrumb"},"inLanguage":"ar","potentialAction":[{"@type":"ReadAction","target":["https:\/\/www.dloft.com.tr\/ar\/kurumsal\/"]}]},{"@type":"BreadcrumbList","@id":"https:\/\/www.dloft.com.tr\/ar\/kurumsal\/#breadcrumb","itemListElement":[{"@type":"ListItem","position":1,"name":"Anasayfa","item":"https:\/\/www.dloft.com.tr\/ar\/"},{"@type":"ListItem","position":2,"name":"\u0627\u0644\u0634\u0631\u0643\u0627\u062a"}]},{"@type":"WebSite","@id":"https:\/\/www.dloft.com.tr\/en\/#website","url":"https:\/\/www.dloft.com.tr\/en\/","name":"d|loft","description":"designs professionally","publisher":{"@id":"https:\/\/www.dloft.com.tr\/en\/#organization"},"potentialAction":[{"@type":"SearchAction","target":{"@type":"EntryPoint","urlTemplate":"https:\/\/www.dloft.com.tr\/en\/?s={search_term_string}"},"query-input":"required name=search_term_string"}],"inLanguage":"ar"},{"@type":"Organization","@id":"https:\/\/www.dloft.com.tr\/en\/#organization","name":"d|loft - designs professionally","url":"https:\/\/www.dloft.com.tr\/en\/","logo":{"@type":"ImageObject","inLanguage":"ar","@id":"https:\/\/www.dloft.com.tr\/en\/#\/schema\/logo\/image\/","url":"https:\/\/www.dloft.com.tr\/wp-content\/uploads\/2022\/01\/dloft-weblogo-01.png","contentUrl":"https:\/\/www.dloft.com.tr\/wp-content\/uploads\/2022\/01\/dloft-weblogo-01.png","width":12500,"height":6250,"caption":"d|loft - designs professionally"},"image":{"@id":"https:\/\/www.dloft.com.tr\/en\/#\/schema\/logo\/image\/"},"sameAs":["https:\/\/www.facebook.com\/dloftproject","https:\/\/www.instagram.com\/dloftproject\/"]}]}},"_links":{"self":[{"href":"https:\/\/www.dloft.com.tr\/ar\/wp-json\/wp\/v2\/pages\/2910","targetHints":{"allow":["GET"]}}],"collection":[{"href":"https:\/\/www.dloft.com.tr\/ar\/wp-json\/wp\/v2\/pages"}],"about":[{"href":"https:\/\/www.dloft.com.tr\/ar\/wp-json\/wp\/v2\/types\/page"}],"author":[{"embeddable":true,"href":"https:\/\/www.dloft.com.tr\/ar\/wp-json\/wp\/v2\/users\/4"}],"replies":[{"embeddable":true,"href":"https:\/\/www.dloft.com.tr\/ar\/wp-json\/wp\/v2\/comments?post=2910"}],"version-history":[{"count":1,"href":"https:\/\/www.dloft.com.tr\/ar\/wp-json\/wp\/v2\/pages\/2910\/revisions"}],"predecessor-version":[{"id":3351,"href":"https:\/\/www.dloft.com.tr\/ar\/wp-json\/wp\/v2\/pages\/2910\/revisions\/3351"}],"wp:attachment":[{"href":"https:\/\/www.dloft.com.tr\/ar\/wp-json\/wp\/v2\/media?parent=2910"}],"curies":[{"name":"wp","href":"https:\/\/api.w.org\/{rel}","templated":true}]}}